{"id":371,"date":"2025-04-09T23:07:35","date_gmt":"2025-04-09T20:07:35","guid":{"rendered":"https:\/\/www.cc.puv.fi\/~e2203135\/adelaide\/?page_id=371"},"modified":"2026-03-26T20:13:27","modified_gmt":"2026-03-26T18:13:27","slug":"parturi-kampaamo-palvelut","status":"publish","type":"page","link":"https:\/\/adelaide.fi\/adelaide\/parturi-kampaamo-palvelut\/","title":{"rendered":"Parturi-Kampaamo palvelut"},"content":{"rendered":"\t\t<div data-elementor-type=\"wp-page\" data-elementor-id=\"371\" class=\"elementor elementor-371\">\n\t\t\t\t<div class=\"elementor-element elementor-element-14fefe6 e-grid e-con-boxed wpr-particle-no wpr-jarallax-no wpr-parallax-no wpr-sticky-section-no wpr-equal-height-no e-con e-parent\" data-id=\"14fefe6\" data-element_type=\"container\" data-e-type=\"container\">\n\t\t\t\t\t<div class=\"e-con-inner\">\n\t\t\t\t<div class=\"elementor-element elementor-element-b874339 elementor-widget elementor-widget-heading\" data-id=\"b874339\" data-element_type=\"widget\" data-e-type=\"widget\" data-widget_type=\"heading.default\">\n\t\t\t\t<div class=\"elementor-widget-container\">\n\t\t\t\t\t<h1 class=\"elementor-heading-title elementor-size-default\">Parturi-Kampaamopalvelut<\/h1>\t\t\t\t<\/div>\n\t\t\t\t<\/div>\n\t\t\t\t<div class=\"elementor-element elementor-element-7ae5d5b elementor-widget elementor-widget-text-editor\" data-id=\"7ae5d5b\" data-element_type=\"widget\" data-e-type=\"widget\" data-widget_type=\"text-editor.default\">\n\t\t\t\t<div class=\"elementor-widget-container\">\n\t\t\t\t\t\t\t\t\t<p>Hinnat sis. ALV 25,5%. Pid\u00e4t\u00e4mme oikeudet muutoksiin.\u00a0<\/p>\t\t\t\t\t\t\t\t<\/div>\n\t\t\t\t<\/div>\n\t\t\t\t<div class=\"elementor-element elementor-element-e13e8bb elementor-widget elementor-widget-text-editor\" data-id=\"e13e8bb\" data-element_type=\"widget\" data-e-type=\"widget\" data-widget_type=\"text-editor.default\">\n\t\t\t\t<div class=\"elementor-widget-container\">\n\t\t\t\t\t\t\t\t\t<p><strong>Rakkaat asiakkaamme, <\/strong>voidaksemme pit\u00e4\u00e4 jatkossakin hinnat alhaisina, pyyd\u00e4mme teit\u00e4 perumaan aikanne viimeist\u00e4\u00e4n 24h ennen varaustanne. Muussa tapauksessa veloitamme ajasta 50% hoidon hinnasta.<\/p>\t\t\t\t\t\t\t\t<\/div>\n\t\t\t\t<\/div>\n\t\t\t\t\t<\/div>\n\t\t\t\t<\/div>\n\t\t<div class=\"elementor-element elementor-element-5da36a8 e-flex e-con-boxed wpr-particle-no wpr-jarallax-no wpr-parallax-no wpr-sticky-section-no wpr-equal-height-no e-con e-parent\" data-id=\"5da36a8\" data-element_type=\"container\" data-e-type=\"container\">\n\t\t\t\t\t<div class=\"e-con-inner\">\n\t\t\t\t<div class=\"elementor-element elementor-element-07d8580 elementor-widget elementor-widget-text-editor\" data-id=\"07d8580\" data-element_type=\"widget\" data-e-type=\"widget\" data-widget_type=\"text-editor.default\">\n\t\t\t\t<div class=\"elementor-widget-container\">\n\t\t\t\t\t\t\t\t\t<p><strong data-start=\"112\" data-end=\"161\">10 % alennus kaikista hoidoista ja tuotteista<\/strong><br data-start=\"161\" data-end=\"164\" \/>Opiskelijakortilla tai Wasamoven j\u00e4senkortilla<br data-start=\"210\" data-end=\"213\" \/><span style=\"text-decoration: underline;\"><em data-start=\"213\" data-end=\"254\">Ei koske Dermapen- ja t\u00e4yteainehoitoja.<\/em><\/span><\/p>\t\t\t\t\t\t\t\t<\/div>\n\t\t\t\t<\/div>\n\t\t\t\t\t<\/div>\n\t\t\t\t<\/div>\n\t\t<div class=\"elementor-element elementor-element-dea7491 e-flex e-con-boxed wpr-particle-no wpr-jarallax-no wpr-parallax-no wpr-sticky-section-no wpr-equal-height-no e-con e-parent\" data-id=\"dea7491\" data-element_type=\"container\" data-e-type=\"container\">\n\t\t\t\t\t<div class=\"e-con-inner\">\n\t\t\t\t<div class=\"elementor-element elementor-element-d7d43c2 elementor-widget elementor-widget-text-editor\" data-id=\"d7d43c2\" data-element_type=\"widget\" data-e-type=\"widget\" data-widget_type=\"text-editor.default\">\n\t\t\t\t<div class=\"elementor-widget-container\">\n\t\t\t\t\t\t\t\t\t<p>V\u00e4ripaketti sis\u00e4lt\u00e4\u00e4 v\u00e4rin ja leikkauksen. V\u00e4ripaketin hinnat ovat suuntaa antavia.<\/p><p>Lopullinen hinta m\u00e4\u00e4r\u00e4ytyy siit\u00e4, kuinka paljon v\u00e4rimassaa hiuksiin k\u00e4ytet\u00e4\u00e4n.<\/p>\t\t\t\t\t\t\t\t<\/div>\n\t\t\t\t<\/div>\n\t\t\t\t\t<\/div>\n\t\t\t\t<\/div>\n\t\t<div class=\"elementor-element elementor-element-197b473 e-con-full e-flex wpr-particle-no wpr-jarallax-no wpr-parallax-no wpr-sticky-section-no wpr-equal-height-no e-con e-parent\" data-id=\"197b473\" data-element_type=\"container\" data-e-type=\"container\">\n\t\t\t\t<div class=\"elementor-element elementor-element-fedb65b elementor-widget elementor-widget-text-editor\" data-id=\"fedb65b\" data-element_type=\"widget\" data-e-type=\"widget\" data-widget_type=\"text-editor.default\">\n\t\t\t\t<div class=\"elementor-widget-container\">\n\t\t\t\t\t\t\t\t\t<h4><strong>Leikkaus<\/strong><\/h4><div id=\"service-95af8ed6-c6a8-4ffa-a79d-0f5c842eb40c\">Otsatukanleikkaus\u00a0<strong>15 \u20ac <\/strong>Kesto<strong> 15 min<\/strong><\/div><div id=\"service-95af8ed6-c6a8-4ffa-a79d-0f5c842eb40c\">Koneajelu\u00a0<strong>16 \u20ac <\/strong>Kesto<strong> 15 min<\/strong><\/div><div id=\"service-705460a3-495b-46b9-b7c8-5fce03b5b516\">Viiksien muotoilu\/parran siistiminen <strong>20 \u20ac <\/strong>Kesto<strong> 20 min<\/strong><\/div><div id=\"service-66b61072-3016-465e-a449-3e58cfe1851b\">Alle 10-v. lasten hiustenleikkaus\u00a0<strong>25 \u20ac <\/strong>Kesto<strong> 30 min<\/strong><\/div><div id=\"service-95af8ed6-c6a8-4ffa-a79d-0f5c842eb40c\">Hiustenleikkaus <strong>35 \u20ac <\/strong>Kesto<strong> 30 min<\/strong><\/div><div id=\"service-efe92faa-7edd-4f97-86e3-7a7e81287214\">Hiustenleikkaus <strong>45 \u20ac <\/strong>Kesto<strong> 45 min<\/strong><\/div><div id=\"service-8f676d80-044a-442b-8204-109684cfe01d\">Hiustenleikkaus <strong>60<\/strong> <strong>\u20ac <\/strong>Kesto<strong> 1 h<\/strong><\/div><div id=\"service-9963edc8-078a-48a5-b1f4-bd102993a96a\">Mallinmuutos <strong>65 \u20ac <\/strong>Kesto<strong> 1 h<\/strong><\/div>\t\t\t\t\t\t\t\t<\/div>\n\t\t\t\t<\/div>\n\t\t\t\t<\/div>\n\t\t<div class=\"elementor-element elementor-element-5ba8f9d e-con-full e-flex wpr-particle-no wpr-jarallax-no wpr-parallax-no wpr-sticky-section-no wpr-equal-height-no e-con e-parent\" data-id=\"5ba8f9d\" data-element_type=\"container\" data-e-type=\"container\">\n\t\t\t\t<div class=\"elementor-element elementor-element-537bd80 elementor-widget elementor-widget-text-editor\" data-id=\"537bd80\" data-element_type=\"widget\" data-e-type=\"widget\" data-widget_type=\"text-editor.default\">\n\t\t\t\t<div class=\"elementor-widget-container\">\n\t\t\t\t\t\t\t\t\t<h4><strong>V\u00e4rj\u00e4ys<\/strong><\/h4><div>P\u00e4\u00e4lliosan v\u00e4rj\u00e4ys <strong>125 \u20ac <\/strong>Kesto<strong> 1 h 30 min<\/strong><\/div><div id=\"service-6884d8a8-6fad-4b28-b7af-62617e1027c6\">Raitapaketti\/Vaalennus lyhyet hiukset <strong>160<\/strong><strong> \u20ac <\/strong>Kesto<strong> 2 h<\/strong><\/div><div id=\"service-9e91aecb-5bb3-44f8-a9f0-a5a34a9d3029\">Raitapaketti\/Vaalennus puolipitk\u00e4t hiukset <strong>185 \u20ac <\/strong>Kesto<strong> 2 h 30 min<\/strong><\/div><div id=\"service-41b96689-cf62-4dcc-8f34-4d8167815876\">Raitapaketti\/Vaalennus pitk\u00e4t hiukset <strong>20<\/strong><strong>5 \u20ac <\/strong>Kesto<strong> 2 h 30 min<\/strong><\/div><div id=\"service-84528fc4-7122-4f5c-b106-ebac4c4dd89a\">Raitapaketti\/Vaalennus extrapitk\u00e4t\/ -paksut hiukset <strong>215<\/strong>\u00a0<strong>\u20ac <\/strong>Kesto<strong> 3 h 30 min<\/strong><\/div><div>Tyviv\u00e4ripaketti (tyvi max. 2 cm)\u00a0<strong>100 \u20ac <\/strong>Kesto <strong>2 h<\/strong><\/div><div><div id=\"service-9d7db904-dd72-43b9-ab23-b641a8871c74\">V\u00e4ripaketti lyhyet hiukset\u00a0<strong>125 \u20ac\u00a0 <\/strong>Kesto<strong> 2 h 30 min<\/strong><\/div><div id=\"service-6f6a8a71-6ebf-4142-9531-67d9a79dcf88\">V\u00e4ripaketti puolipitk\u00e4t hiukset\u00a0<strong>145 \u20ac <\/strong>Kesto<strong> 2 h 30 min<\/strong><\/div><div id=\"service-11a2c5dc-c3ae-4e07-b595-bea7acfeb517\">V\u00e4ripaketti pitk\u00e4t hiukset\u00a0<strong>165 \u20ac <\/strong>Kesto<strong> 2 h 30 min<\/strong><\/div><div id=\"service-176c38a2-390c-49bc-b038-2b651ffd33c6\">V\u00e4ripaketti extrapitk\u00e4t\/-paksut hiukset\u00a0<strong>185 \u20ac <\/strong>Kesto<strong> 3 h<\/strong><\/div><div>\u00a0<\/div><\/div>\t\t\t\t\t\t\t\t<\/div>\n\t\t\t\t<\/div>\n\t\t\t\t<\/div>\n\t\t<div class=\"elementor-element elementor-element-5c01b49 e-con-full e-flex wpr-particle-no wpr-jarallax-no wpr-parallax-no wpr-sticky-section-no wpr-equal-height-no e-con e-parent\" data-id=\"5c01b49\" data-element_type=\"container\" data-e-type=\"container\">\n\t\t\t\t<div class=\"elementor-element elementor-element-eb5db4e elementor-widget elementor-widget-text-editor\" data-id=\"eb5db4e\" data-element_type=\"widget\" data-e-type=\"widget\" data-widget_type=\"text-editor.default\">\n\t\t\t\t<div class=\"elementor-widget-container\">\n\t\t\t\t\t\t\t\t\t<h4 id=\"service-1bc216a6-977f-4680-bcfc-31f33d9dc046\"><strong>Kampaus<\/strong><\/h4><div>Pesu ja f\u00f6\u00f6naus <strong>35 \u20ac <\/strong>Kesto<strong> 30 min<\/strong><\/div><div id=\"service-6e464c13-0adc-4bc7-a86b-0bdda8a50749\">P\u00e4iv\u00e4kampaus (Ei sis. pesua) <strong>45 \u20ac<\/strong> Kesto<strong> 45 min<\/strong><\/div><div id=\"service-6d634e8f-dbe4-42b2-8fab-87a2b25013d8\">Ilta-\/juhlakampaus (Ei sis. pesua) <strong>75<\/strong><strong> \u20ac K<\/strong>esto<strong> 1 h 30 min<\/strong><\/div><div id=\"service-e8113e47-5430-4842-82ec-8426b531df11\">H\u00e4\u00e4kampaus (sis. koekampaus), lyhyet hiukset\u00a0<strong>95 \u20ac <\/strong>Kesto<strong> 1 h<\/strong><\/div><div id=\"service-8a45f7e1-226c-43e3-bbd1-3c76c9caed8b\">H\u00e4\u00e4kampaus (sis. koekampaus, ei sis. pesua)\u00a0<strong>180 \u20ac <\/strong>Kesto<strong> 1 h 30 min<\/strong><\/div>\t\t\t\t\t\t\t\t<\/div>\n\t\t\t\t<\/div>\n\t\t\t\t<\/div>\n\t\t<div class=\"elementor-element elementor-element-21673ac e-flex e-con-boxed wpr-particle-no wpr-jarallax-no wpr-parallax-no wpr-sticky-section-no wpr-equal-height-no e-con e-parent\" data-id=\"21673ac\" data-element_type=\"container\" data-e-type=\"container\">\n\t\t\t\t\t<div class=\"e-con-inner\">\n\t\t\t\t<div class=\"elementor-element elementor-element-e4f168f elementor-align-center elementor-widget elementor-widget-button\" data-id=\"e4f168f\" data-element_type=\"widget\" data-e-type=\"widget\" data-widget_type=\"button.default\">\n\t\t\t\t<div class=\"elementor-widget-container\">\n\t\t\t\t\t\t\t\t\t<div class=\"elementor-button-wrapper\">\n\t\t\t\t\t<a class=\"elementor-button elementor-button-link elementor-size-sm\" href=\"https:\/\/slotti.fi\/booking\/salonadelaide\/#\/\" target=\"_blank\" rel=\"noopener\">\n\t\t\t\t\t\t<span class=\"elementor-button-content-wrapper\">\n\t\t\t\t\t\t\t\t\t<span class=\"elementor-button-text\">Varaa aika<\/span>\n\t\t\t\t\t<\/span>\n\t\t\t\t\t<\/a>\n\t\t\t\t<\/div>\n\t\t\t\t\t\t\t\t<\/div>\n\t\t\t\t<\/div>\n\t\t\t\t\t<\/div>\n\t\t\t\t<\/div>\n\t\t\t\t<\/div>\n\t\t","protected":false},"excerpt":{"rendered":"<p>Parturi-Kampaamopalvelut Hinnat sis. ALV 25,5%. Pid\u00e4t\u00e4mme oikeudet muutoksiin.\u00a0 Rakkaat asiakkaamme, voidaksemme pit\u00e4\u00e4 jatkossakin hinnat alhaisina, pyyd\u00e4mme teit\u00e4 perumaan aikanne viimeist\u00e4\u00e4n 24h ennen varaustanne. Muussa tapauksessa veloitamme ajasta 50% hoidon hinnasta. 10 % alennus kaikista hoidoista ja tuotteistaOpiskelijakortilla tai Wasamoven j\u00e4senkortillaEi koske Dermapen- ja t\u00e4yteainehoitoja. V\u00e4ripaketti sis\u00e4lt\u00e4\u00e4 v\u00e4rin ja leikkauksen. V\u00e4ripaketin hinnat ovat suuntaa antavia. Lopullinen hinta m\u00e4\u00e4r\u00e4ytyy siit\u00e4, kuinka paljon v\u00e4rimassaa hiuksiin k\u00e4ytet\u00e4\u00e4n. Leikkaus Otsatukanleikkaus\u00a015 \u20ac Kesto 15 minKoneajelu\u00a016 \u20ac Kesto 15 minViiksien muotoilu\/parran siistiminen 20 \u20ac Kesto 20 minAlle 10-v. lasten hiustenleikkaus\u00a025 \u20ac Kesto 30 minHiustenleikkaus 35 \u20ac Kesto 30 minHiustenleikkaus 45 \u20ac Kesto 45 minHiustenleikkaus 60 \u20ac Kesto 1 hMallinmuutos 65 \u20ac Kesto 1 h V\u00e4rj\u00e4ys P\u00e4\u00e4lliosan v\u00e4rj\u00e4ys 125 \u20ac Kesto 1 h 30 minRaitapaketti\/Vaalennus lyhyet hiukset 160 \u20ac Kesto 2 hRaitapaketti\/Vaalennus puolipitk\u00e4t hiukset 185 \u20ac Kesto 2 h 30 minRaitapaketti\/Vaalennus pitk\u00e4t hiukset 205 \u20ac Kesto 2 h 30 minRaitapaketti\/Vaalennus extrapitk\u00e4t\/ -paksut hiukset 215\u00a0\u20ac Kesto 3 h 30 minTyviv\u00e4ripaketti (tyvi max. 2 cm)\u00a0100 \u20ac Kesto 2 hV\u00e4ripaketti lyhyet hiukset\u00a0125 \u20ac\u00a0 Kesto 2 h 30 minV\u00e4ripaketti puolipitk\u00e4t hiukset\u00a0145 \u20ac Kesto 2 h 30 minV\u00e4ripaketti pitk\u00e4t hiukset\u00a0165 \u20ac Kesto 2 h 30 minV\u00e4ripaketti extrapitk\u00e4t\/-paksut hiukset\u00a0185 \u20ac Kesto 3 h\u00a0 Kampaus Pesu ja f\u00f6\u00f6naus 35 \u20ac Kesto 30 minP\u00e4iv\u00e4kampaus (Ei sis. pesua) 45 \u20ac Kesto 45 minIlta-\/juhlakampaus (Ei sis. pesua) 75 \u20ac Kesto 1 h 30 minH\u00e4\u00e4kampaus (sis. koekampaus), lyhyet hiukset\u00a095 \u20ac Kesto 1 hH\u00e4\u00e4kampaus (sis. koekampaus, ei sis. pesua)\u00a0180 \u20ac Kesto 1 h 30 min Varaa aika<\/p>\n","protected":false},"author":1,"featured_media":0,"parent":0,"menu_order":0,"comment_status":"closed","ping_status":"closed","template":"","meta":{"footnotes":""},"class_list":["post-371","page","type-page","status-publish","hentry"],"_links":{"self":[{"href":"https:\/\/adelaide.fi\/adelaide\/wp-json\/wp\/v2\/pages\/371","targetHints":{"allow":["GET"]}}],"collection":[{"href":"https:\/\/adelaide.fi\/adelaide\/wp-json\/wp\/v2\/pages"}],"about":[{"href":"https:\/\/adelaide.fi\/adelaide\/wp-json\/wp\/v2\/types\/page"}],"author":[{"embeddable":true,"href":"https:\/\/adelaide.fi\/adelaide\/wp-json\/wp\/v2\/users\/1"}],"replies":[{"embeddable":true,"href":"https:\/\/adelaide.fi\/adelaide\/wp-json\/wp\/v2\/comments?post=371"}],"version-history":[{"count":26,"href":"https:\/\/adelaide.fi\/adelaide\/wp-json\/wp\/v2\/pages\/371\/revisions"}],"predecessor-version":[{"id":1497,"href":"https:\/\/adelaide.fi\/adelaide\/wp-json\/wp\/v2\/pages\/371\/revisions\/1497"}],"wp:attachment":[{"href":"https:\/\/adelaide.fi\/adelaide\/wp-json\/wp\/v2\/media?parent=371"}],"curies":[{"name":"wp","href":"https:\/\/api.w.org\/{rel}","templated":true}]}}